{"id":8,"date":"2018-06-11T14:57:31","date_gmt":"2018-06-11T12:57:31","guid":{"rendered":"http:\/\/severinedacosta.com\/?page_id=8"},"modified":"2018-06-12T08:59:37","modified_gmt":"2018-06-12T06:59:37","slug":"a-propos-de","status":"publish","type":"page","link":"https:\/\/severinedacosta.com\/index.php\/a-propos-de\/","title":{"rendered":"Votre coach"},"content":{"rendered":"<p>&nbsp;<\/p>\n<p>Coach Personnel et Triathl\u00e8te passionn\u00e9e,<\/p>\n<p style=\"text-align: center;\">Mon ambition\u00a0? Vous faire partagez mon plaisir pour le sport et ses bienfaits sur la sant\u00e9.<\/p>\n<p style=\"text-align: center;\">Remise en forme, musculation, lutte contre la d\u00e9prime, perte de poids ou encore gestion du stress\u00a0: les bienfaits du sport sur la sant\u00e9 sont nombreux.<\/p>\n<p style=\"text-align: center;\">Monotonie et ennui sur votre\u00a0 tapis de course, c\u2019est termin\u00e9\u00a0!<br \/>\nRetrouvez la motivation et le plaisir de transpirer.<\/p>\n<p style=\"text-align: center;\">Quelque soit votre sexe, votre \u00e2ge, votre condition physique ou votre pass\u00e9 sportif, vous pouvez b\u00e9n\u00e9ficier d\u00e8s aujourd&rsquo;hui d&rsquo;un suivi sportif personnalis\u00e9 r\u00e9pondant \u00e0 vos objectifs et vos disponibilit\u00e9s.<\/p>\n<p style=\"text-align: center;\">N\u2019h\u00e9sitez pas \u00e0 me contacter pour que nous puissions \u00e9tablir ensemble vos objectifs, et tout mettre en place pour les atteindre !<\/p>\n","protected":false},"excerpt":{"rendered":"<p>&nbsp; Coach Personnel et Triathl\u00e8te passionn\u00e9e, Mon ambition\u00a0? Vous faire partagez mon plaisir pour le sport et ses bienfaits sur la sant\u00e9. Remise en forme, musculation, lutte contre la d\u00e9prime, perte de poids ou encore gestion du stress\u00a0: les bienfaits du sport sur la sant\u00e9 sont nombreux. Monotonie et ennui sur votre\u00a0 tapis de course, c\u2019est termin\u00e9\u00a0! Retrouvez la motivation et le plaisir de transpirer. Quelque soit votre sexe, votre \u00e2ge, votre condition physique ou votre pass\u00e9 sportif, vous pouvez b\u00e9n\u00e9ficier d\u00e8s aujourd&rsquo;hui d&rsquo;un suivi sportif personnalis\u00e9 r\u00e9pondant \u00e0 vos objectifs et vos disponibilit\u00e9s. N\u2019h\u00e9sitez pas \u00e0 me contacter pour que nous puissions \u00e9tablir ensemble vos objectifs, et tout mettre en place pour les atteindre !<\/p>\n","protected":false},"author":1,"featured_media":52,"parent":0,"menu_order":0,"comment_status":"closed","ping_status":"closed","template":"","meta":[],"_links":{"self":[{"href":"https:\/\/severinedacosta.com\/index.php\/wp-json\/wp\/v2\/pages\/8"}],"collection":[{"href":"https:\/\/severinedacosta.com\/index.php\/wp-json\/wp\/v2\/pages"}],"about":[{"href":"https:\/\/severinedacosta.com\/index.php\/wp-json\/wp\/v2\/types\/page"}],"author":[{"embeddable":true,"href":"https:\/\/severinedacosta.com\/index.php\/wp-json\/wp\/v2\/users\/1"}],"replies":[{"embeddable":true,"href":"https:\/\/severinedacosta.com\/index.php\/wp-json\/wp\/v2\/comments?post=8"}],"version-history":[{"count":9,"href":"https:\/\/severinedacosta.com\/index.php\/wp-json\/wp\/v2\/pages\/8\/revisions"}],"predecessor-version":[{"id":106,"href":"https:\/\/severinedacosta.com\/index.php\/wp-json\/wp\/v2\/pages\/8\/revisions\/106"}],"wp:featuredmedia":[{"embeddable":true,"href":"https:\/\/severinedacosta.com\/index.php\/wp-json\/wp\/v2\/media\/52"}],"wp:attachment":[{"href":"https:\/\/severinedacosta.com\/index.php\/wp-json\/wp\/v2\/media?parent=8"}],"curies":[{"name":"wp","href":"https:\/\/api.w.org\/{rel}","templated":true}]}}