{"id":814,"date":"2020-01-28T15:51:42","date_gmt":"2020-01-28T14:51:42","guid":{"rendered":"http:\/\/severinedacosta.com\/?page_id=814"},"modified":"2023-05-13T15:54:05","modified_gmt":"2023-05-13T13:54:05","slug":"mon-livre-de-recette","status":"publish","type":"page","link":"https:\/\/severinedacosta.com\/index.php\/prestationstarifs\/mon-livre-de-recette\/","title":{"rendered":"Mon Livre de Recettes"},"content":{"rendered":"\n<figure class=\"wp-block-image\"><img decoding=\"async\" src=\"http:\/\/severinedacosta.com\/wp-content\/uploads\/2020\/01\/Capture-d\u2019\u00e9cran-2020-01-28-\u00e0-15.43.41.png\" alt=\"\" class=\"wp-image-816\"\/><\/figure>\n\n\n\n<p>Venez d\u00e9couvrir l\u2019alimentation healthy gr\u00e2ce \u00e0 des conseils de base, pour adopter ce mode de vie sain.&nbsp;<br><\/p>\n\n\n<div class=\"wp-block-image\">\n<figure class=\"aligncenter\"><img decoding=\"async\" loading=\"lazy\" width=\"378\" height=\"50\" src=\"http:\/\/severinedacosta.com\/wp-content\/uploads\/2020\/01\/Capture-decran-2015-12-13-a-19.20.56.jpg\" alt=\"\" class=\"wp-image-817\" srcset=\"https:\/\/severinedacosta.com\/wp-content\/uploads\/2020\/01\/Capture-decran-2015-12-13-a-19.20.56.jpg 378w, https:\/\/severinedacosta.com\/wp-content\/uploads\/2020\/01\/Capture-decran-2015-12-13-a-19.20.56-300x40.jpg 300w\" sizes=\"(max-width: 378px) 100vw, 378px\" \/><\/figure><\/div>\n\n\n<p>Je partage \u00e9galement avec vous dans cet ouvrage, des conseils sportifs et la routine \u00e0 mettre en place pour obtenir un corps tonique et en bonne forme physique et mentale.&nbsp;<br><\/p>\n\n\n\n<p>Vous pourrez trouver dans ce livre entre autre mes recettes de cookies, de cake sal\u00e9s comme sucr\u00e9s, les poivrons far\u00e7is, les pancakes, les fondants crus, le tartare de saumon, les galettes de quinoa\/patate douce ou encore des boissons pleines de vitamines&#8230;&nbsp;<br><\/p>\n\n\n<div class=\"wp-block-image\">\n<figure class=\"aligncenter\"><img decoding=\"async\" loading=\"lazy\" width=\"354\" height=\"176\" src=\"http:\/\/severinedacosta.com\/wp-content\/uploads\/2020\/01\/Capture-decran-2015-12-13-a-19.17.37.jpg\" alt=\"\" class=\"wp-image-818\" srcset=\"https:\/\/severinedacosta.com\/wp-content\/uploads\/2020\/01\/Capture-decran-2015-12-13-a-19.17.37.jpg 354w, https:\/\/severinedacosta.com\/wp-content\/uploads\/2020\/01\/Capture-decran-2015-12-13-a-19.17.37-300x149.jpg 300w\" sizes=\"(max-width: 354px) 100vw, 354px\" \/><\/figure><\/div>\n\n\n<p>Que vous soyez d\u00e9butant en cuisine n\u2019est pas un probl\u00e8me, nul besoin d\u2019\u00eatre chef pour cuisiner mes recettes , elles sont totalement abordables pour tous. Je vous propose des plats faciles \u00e0 r\u00e9aliser et gourmands \u00e0 souhait.&nbsp;<br><\/p>\n\n\n\n<p>Mes recettes sont des recettes sans gluten et sans lactose.&nbsp;<br><br><\/p>\n\n\n\n<p>Commander le e-book via l\u2019outil Payhip qui vous permet de r\u00e9gler via Paypal ou carte bancaire. Votre fichier vous sera envoy\u00e9 au fomat PDF, compatible avec la plupart des smartphones, tablettes et ordinateurs via Adobe Reader. <\/p>\n\n\n\n<p>Vous avez le choix de r\u00e9gler votre achat directement via votre compte Paypal ou s\u00e9curis\u00e9 par le site paypal via votre carte de cr\u00e9dit.&nbsp;<br><\/p>\n\n\n\n<p>Attention, v\u00e9rifier que vous pouvez lire les fichiers PDF avant d\u2019effectuer votre achat au format EBOOK.&nbsp;<br><\/p>\n\n\n\n<p class=\"has-text-align-center\"><a href=\"https:\/\/payhip.com\/b\/t6gN\">ACHETER LE EBOOK ICI <\/a><\/p>\n\n\n\n<p><\/p>\n","protected":false},"excerpt":{"rendered":"<p>Venez d\u00e9couvrir l\u2019alimentation healthy gr\u00e2ce \u00e0 des conseils de base, pour adopter ce mode de vie sain.&nbsp; Je partage \u00e9galement avec vous dans cet ouvrage, des conseils sportifs et la routine \u00e0 mettre en place pour obtenir un corps tonique et en bonne forme physique et mentale.&nbsp; Vous pourrez trouver dans ce livre entre autre mes recettes de cookies, de cake sal\u00e9s comme sucr\u00e9s, les poivrons far\u00e7is, les pancakes, les fondants crus, le tartare de saumon, les galettes de quinoa\/patate douce ou encore des boissons pleines de vitamines&#8230;&nbsp; Que vous soyez d\u00e9butant en cuisine n\u2019est pas un probl\u00e8me, nul besoin d\u2019\u00eatre chef pour cuisiner mes recettes , elles sont totalement abordables pour tous. Je vous propose des plats faciles \u00e0 r\u00e9aliser et gourmands \u00e0 souhait.&nbsp; Mes recettes sont des recettes sans gluten et sans lactose.&nbsp; Commander le e-book via l\u2019outil Payhip qui vous permet de r\u00e9gler via Paypal ou carte bancaire. Votre fichier vous sera envoy\u00e9 au fomat PDF, compatible avec la plupart des smartphones, tablettes et ordinateurs via Adobe Reader. Vous avez le choix de r\u00e9gler votre achat directement via votre compte Paypal ou s\u00e9curis\u00e9 par le site paypal via votre carte de cr\u00e9dit.&nbsp; Attention, v\u00e9rifier que vous pouvez lire les fichiers PDF avant d\u2019effectuer votre achat au format EBOOK.&nbsp; ACHETER LE EBOOK ICI<\/p>\n","protected":false},"author":1,"featured_media":0,"parent":2,"menu_order":3,"comment_status":"closed","ping_status":"closed","template":"","meta":[],"_links":{"self":[{"href":"https:\/\/severinedacosta.com\/index.php\/wp-json\/wp\/v2\/pages\/814"}],"collection":[{"href":"https:\/\/severinedacosta.com\/index.php\/wp-json\/wp\/v2\/pages"}],"about":[{"href":"https:\/\/severinedacosta.com\/index.php\/wp-json\/wp\/v2\/types\/page"}],"author":[{"embeddable":true,"href":"https:\/\/severinedacosta.com\/index.php\/wp-json\/wp\/v2\/users\/1"}],"replies":[{"embeddable":true,"href":"https:\/\/severinedacosta.com\/index.php\/wp-json\/wp\/v2\/comments?post=814"}],"version-history":[{"count":4,"href":"https:\/\/severinedacosta.com\/index.php\/wp-json\/wp\/v2\/pages\/814\/revisions"}],"predecessor-version":[{"id":976,"href":"https:\/\/severinedacosta.com\/index.php\/wp-json\/wp\/v2\/pages\/814\/revisions\/976"}],"up":[{"embeddable":true,"href":"https:\/\/severinedacosta.com\/index.php\/wp-json\/wp\/v2\/pages\/2"}],"wp:attachment":[{"href":"https:\/\/severinedacosta.com\/index.php\/wp-json\/wp\/v2\/media?parent=814"}],"curies":[{"name":"wp","href":"https:\/\/api.w.org\/{rel}","templated":true}]}}