{"id":9,"date":"2018-06-11T14:57:31","date_gmt":"2018-06-11T12:57:31","guid":{"rendered":"http:\/\/severinedacosta.com\/?page_id=9"},"modified":"2018-06-12T14:52:38","modified_gmt":"2018-06-12T12:52:38","slug":"contact","status":"publish","type":"page","link":"https:\/\/severinedacosta.com\/index.php\/contact\/","title":{"rendered":"Contact"},"content":{"rendered":"<p>Pour tout renseignement suppl\u00e9mentaire, vous pouvez me contacter\u00a0:<\/p>\n<p>par t\u00e9l\u00e9phone au 06-82-46-85-29<br \/>\npar mail: <a href=\"mailto:hello@severinedacosta.com\" target=\"_blank\" rel=\"noopener\">hello@severinedacosta.com\u00a0<\/a><\/p>\n<p>Je me tiens \u00e0 votre enti\u00e8re disposition et esp\u00e8re pouvoir\u00a0un jour\u00a0faire de vous, un v\u00e9ritable mordu de sport.<br \/>\nEt surtout, n\u2019oubliez pas\u00a0: le bien-\u00eatre avant toutes choses\u00a0!<\/p>\n","protected":false},"excerpt":{"rendered":"<p>Pour tout renseignement suppl\u00e9mentaire, vous pouvez me contacter\u00a0: par t\u00e9l\u00e9phone au 06-82-46-85-29 par mail: hello@severinedacosta.com\u00a0 Je me tiens \u00e0 votre enti\u00e8re disposition et esp\u00e8re pouvoir\u00a0un jour\u00a0faire de vous, un v\u00e9ritable mordu de sport. Et surtout, n\u2019oubliez pas\u00a0: le bien-\u00eatre avant toutes choses\u00a0!<\/p>\n","protected":false},"author":1,"featured_media":49,"parent":0,"menu_order":0,"comment_status":"closed","ping_status":"closed","template":"","meta":[],"_links":{"self":[{"href":"https:\/\/severinedacosta.com\/index.php\/wp-json\/wp\/v2\/pages\/9"}],"collection":[{"href":"https:\/\/severinedacosta.com\/index.php\/wp-json\/wp\/v2\/pages"}],"about":[{"href":"https:\/\/severinedacosta.com\/index.php\/wp-json\/wp\/v2\/types\/page"}],"author":[{"embeddable":true,"href":"https:\/\/severinedacosta.com\/index.php\/wp-json\/wp\/v2\/users\/1"}],"replies":[{"embeddable":true,"href":"https:\/\/severinedacosta.com\/index.php\/wp-json\/wp\/v2\/comments?post=9"}],"version-history":[{"count":4,"href":"https:\/\/severinedacosta.com\/index.php\/wp-json\/wp\/v2\/pages\/9\/revisions"}],"predecessor-version":[{"id":136,"href":"https:\/\/severinedacosta.com\/index.php\/wp-json\/wp\/v2\/pages\/9\/revisions\/136"}],"wp:featuredmedia":[{"embeddable":true,"href":"https:\/\/severinedacosta.com\/index.php\/wp-json\/wp\/v2\/media\/49"}],"wp:attachment":[{"href":"https:\/\/severinedacosta.com\/index.php\/wp-json\/wp\/v2\/media?parent=9"}],"curies":[{"name":"wp","href":"https:\/\/api.w.org\/{rel}","templated":true}]}}